{"id":1214,"date":"2025-12-26T17:53:53","date_gmt":"2025-12-26T23:53:53","guid":{"rendered":"https:\/\/wonderfulmoroccotravel.com\/sobre-nos\/"},"modified":"2026-01-21T10:26:52","modified_gmt":"2026-01-21T16:26:52","slug":"sobre-nos","status":"publish","type":"page","link":"https:\/\/wonderfulmoroccotravel.com\/pt-pt\/sobre-nos\/","title":{"rendered":"SOBRE N\u00d3S"},"content":{"rendered":"\t\t<div data-elementor-type=\"wp-page\" data-elementor-id=\"1214\" class=\"elementor elementor-1214 elementor-28\" data-elementor-post-type=\"page\">\n\t\t\t\t<div class=\"elementor-element elementor-element-955e675 e-con-full e-flex e-con e-parent\" data-id=\"955e675\" data-element_type=\"container\" data-e-type=\"container\" data-settings=\"{&quot;background_background&quot;:&quot;classic&quot;}\">\n\t\t\t\t<div class=\"elementor-element elementor-element-be61b98 elementor-widget elementor-widget-heading\" data-id=\"be61b98\" data-element_type=\"widget\" data-e-type=\"widget\" data-widget_type=\"heading.default\">\n\t\t\t\t\t<h1 class=\"elementor-heading-title elementor-size-default\">Ag\u00eancia de viagens Marrocos<\/h1>\t\t\t\t<\/div>\n\t\t\t\t<\/div>\n\t\t<div class=\"elementor-element elementor-element-4020ffc e-flex e-con-boxed e-con e-parent\" data-id=\"4020ffc\" data-element_type=\"container\" data-e-type=\"container\">\n\t\t\t\t\t<div class=\"e-con-inner\">\n\t\t<div class=\"elementor-element elementor-element-e33884d e-con-full e-flex e-con e-child\" data-id=\"e33884d\" data-element_type=\"container\" data-e-type=\"container\">\n\t\t\t\t<div class=\"elementor-element elementor-element-a34db3e elementor-widget elementor-widget-image\" data-id=\"a34db3e\" data-element_type=\"widget\" data-e-type=\"widget\" data-widget_type=\"image.default\">\n\t\t\t\t\t\t\t\t\t\t\t\t\t\t\t<img fetchpriority=\"high\" decoding=\"async\" width=\"666\" height=\"1000\" src=\"https:\/\/wonderfulmoroccotravel.com\/wp-content\/uploads\/2026\/01\/We-Make-Your-Travel-Dream-Come-True.png\" class=\"attachment-large size-large wp-image-1211\" alt=\"\" srcset=\"https:\/\/wonderfulmoroccotravel.com\/wp-content\/uploads\/2026\/01\/We-Make-Your-Travel-Dream-Come-True.png 666w, https:\/\/wonderfulmoroccotravel.com\/wp-content\/uploads\/2026\/01\/We-Make-Your-Travel-Dream-Come-True-200x300.png 200w\" sizes=\"(max-width: 666px) 100vw, 666px\" \/>\t\t\t\t\t\t\t\t\t\t\t\t\t\t\t<\/div>\n\t\t\t\t<\/div>\n\t\t<div class=\"elementor-element elementor-element-e7e6568 e-con-full e-flex e-con e-child\" data-id=\"e7e6568\" data-element_type=\"container\" data-e-type=\"container\">\n\t\t<div class=\"elementor-element elementor-element-35c85b9 e-con-full e-flex e-con e-child\" data-id=\"35c85b9\" data-element_type=\"container\" data-e-type=\"container\">\n\t\t\t\t<div class=\"elementor-element elementor-element-f28fe16 elementor-widget elementor-widget-heading\" data-id=\"f28fe16\" data-element_type=\"widget\" data-e-type=\"widget\" data-widget_type=\"heading.default\">\n\t\t\t\t\t<h2 class=\"elementor-heading-title elementor-size-default\">Ag\u00eancia de viagens Wonderful Morocco<\/h2>\t\t\t\t<\/div>\n\t\t\t\t<div class=\"elementor-element elementor-element-09034b5 elementor-widget elementor-widget-text-editor\" data-id=\"09034b5\" data-element_type=\"widget\" data-e-type=\"widget\" data-widget_type=\"text-editor.default\">\n\t\t\t\t\t\t\t\t\t<p>A <strong>Wonderful Morocco Travel Agency<\/strong> \u00e9 a melhor ag\u00eancia de viagens familiar de pequena dimens\u00e3o, liderada pelos irm\u00e3os locais Ayoub e Mohssin. Baseada na hospitalidade genu\u00edna e no profundo conhecimento local, a ag\u00eancia concentra-se em criar experi\u00eancias aut\u00eanticas em Marrocos, em vez de turismo de massa. Viajar com eles \u00e9 uma experi\u00eancia pessoal e bem organizada, com aten\u00e7\u00e3o aos detalhes, flexibilidade e uma liga\u00e7\u00e3o real \u00e0 cultura e ao povo marroquino.<\/p>\n\t\t\t\t\t\t\t\t<\/div>\n\t\t\t\t<div class=\"elementor-element elementor-element-79cfd31 elementor-widget elementor-widget-heading\" data-id=\"79cfd31\" data-element_type=\"widget\" data-e-type=\"widget\" data-widget_type=\"heading.default\">\n\t\t\t\t\t<h2 class=\"elementor-heading-title elementor-size-default\">N\u00f3s realizamos o seu sonho<\/h2>\t\t\t\t<\/div>\n\t\t\t\t<div class=\"elementor-element elementor-element-4fa4f0f elementor-widget elementor-widget-text-editor\" data-id=\"4fa4f0f\" data-element_type=\"widget\" data-e-type=\"widget\" data-widget_type=\"text-editor.default\">\n\t\t\t\t\t\t\t\t\t<p>Realizar o seu sonho com a Wonderful Morocco Travel \u00e9 mais do que apenas um slogan, \u00e9 a ess\u00eancia da forma como viajamos consigo. Ouvimos atentamente o que imagina para a sua viagem a Marrocos e moldamos cada detalhe para corresponder \u00e0s suas expectativas. Seja explorar cidades antigas, atravessar as montanhas do Atlas ou passar noites tranquilas no deserto do Saara, cada experi\u00eancia \u00e9 planeada com cuidado e conhecimento local. O nosso objetivo \u00e9 criar uma viagem tranquila, pessoal e memor\u00e1vel, que seja aut\u00eantica, confort\u00e1vel e verdadeiramente inesquec\u00edvel do in\u00edcio ao fim.<\/p>\n\t\t\t\t\t\t\t\t<\/div>\n\t\t\t\t<\/div>\n\t\t\t\t<\/div>\n\t\t\t\t\t<\/div>\n\t\t\t\t<\/div>\n\t\t<div class=\"elementor-element elementor-element-3b40cc6 e-flex e-con-boxed e-con e-parent\" data-id=\"3b40cc6\" data-element_type=\"container\" data-e-type=\"container\">\n\t\t\t\t\t<div class=\"e-con-inner\">\n\t\t\t\t<div class=\"elementor-element elementor-element-7eca045 elementor-widget elementor-widget-heading\" data-id=\"7eca045\" data-element_type=\"widget\" data-e-type=\"widget\" data-widget_type=\"heading.default\">\n\t\t\t\t\t<h2 class=\"elementor-heading-title elementor-size-default\">Excurs\u00f5es privadas em Marrocos<\/h2>\t\t\t\t<\/div>\n\t\t\t\t<div class=\"elementor-element elementor-element-12b1d1c elementor-widget elementor-widget-text-editor\" data-id=\"12b1d1c\" data-element_type=\"widget\" data-e-type=\"widget\" data-widget_type=\"text-editor.default\">\n\t\t\t\t\t\t\t\t\t<p>As excurs\u00f5es privadas em Marrocos s\u00e3o o cerne da oferta da ag\u00eancia de viagens Wonderful Morocco. Oferecemos transporte confort\u00e1vel e confi\u00e1vel para todas as viagens, incluindo ve\u00edculos 4&#215;4 modernos, minivans espa\u00e7osas e autocarros, quando necess\u00e1rio. Todos os nossos passeios s\u00e3o totalmente personalizados para se adequarem ao seu estilo de viagem, agenda e interesses, quer esteja \u00e0 procura de uma aventura privada no deserto, um passeio cultural pelo Marrocos ou uma simples viagem de um dia. Com atendimento personalizado e conhecimento local, garantimos que cada viagem seja tranquila, flex\u00edvel e verdadeiramente memor\u00e1vel.<\/p>\n\t\t\t\t\t\t\t\t<\/div>\n\t\t\t\t\t<\/div>\n\t\t\t\t<\/div>\n\t\t<div class=\"elementor-element elementor-element-5090b37 e-flex e-con-boxed e-con e-parent\" data-id=\"5090b37\" data-element_type=\"container\" data-e-type=\"container\">\n\t\t\t\t\t<div class=\"e-con-inner\">\n\t\t<div class=\"elementor-element elementor-element-e418313 e-con-full e-flex e-con e-child\" data-id=\"e418313\" data-element_type=\"container\" data-e-type=\"container\">\n\t\t\t\t<div class=\"elementor-element elementor-element-677adc2 elementor-widget elementor-widget-image\" data-id=\"677adc2\" data-element_type=\"widget\" data-e-type=\"widget\" data-widget_type=\"image.default\">\n\t\t\t\t\t\t\t\t\t\t\t\t\t\t\t<img decoding=\"async\" width=\"1000\" height=\"800\" src=\"https:\/\/wonderfulmoroccotravel.com\/wp-content\/uploads\/2026\/01\/Morocco-Wonderful-Tours-4x4-transportation-service.png\" class=\"attachment-large size-large wp-image-1212\" alt=\"Marrocos Maravilhoso Tours Servi\u00e7o de transporte 4x4\" srcset=\"https:\/\/wonderfulmoroccotravel.com\/wp-content\/uploads\/2026\/01\/Morocco-Wonderful-Tours-4x4-transportation-service.png 1000w, https:\/\/wonderfulmoroccotravel.com\/wp-content\/uploads\/2026\/01\/Morocco-Wonderful-Tours-4x4-transportation-service-300x240.png 300w, https:\/\/wonderfulmoroccotravel.com\/wp-content\/uploads\/2026\/01\/Morocco-Wonderful-Tours-4x4-transportation-service-768x614.png 768w\" sizes=\"(max-width: 1000px) 100vw, 1000px\" \/>\t\t\t\t\t\t\t\t\t\t\t\t\t\t\t<\/div>\n\t\t\t\t<div class=\"elementor-element elementor-element-53edc0b elementor-widget elementor-widget-text-editor\" data-id=\"53edc0b\" data-element_type=\"widget\" data-e-type=\"widget\" data-widget_type=\"text-editor.default\">\n\t\t\t\t\t\t\t\t\t<p>O nosso servi\u00e7o de transporte 4&#215;4 oferece conforto, seguran\u00e7a e flexibilidade para viajar por todo o Marrocos. Perfeitos para percursos no deserto e estradas de montanha, os nossos ve\u00edculos s\u00e3o bem conservados e conduzidos por motoristas locais experientes. Quer esteja a caminho do deserto do Saara ou a explorar paisagens remotas, o nosso servi\u00e7o 4&#215;4 garante uma viagem tranquila e agrad\u00e1vel.<\/p>\n\t\t\t\t\t\t\t\t<\/div>\n\t\t\t\t<\/div>\n\t\t<div class=\"elementor-element elementor-element-8707846 e-con-full e-flex e-con e-child\" data-id=\"8707846\" data-element_type=\"container\" data-e-type=\"container\">\n\t\t\t\t<div class=\"elementor-element elementor-element-d969abe elementor-widget elementor-widget-image\" data-id=\"d969abe\" data-element_type=\"widget\" data-e-type=\"widget\" data-widget_type=\"image.default\">\n\t\t\t\t\t\t\t\t\t\t\t\t\t\t\t<img decoding=\"async\" width=\"1000\" height=\"800\" src=\"https:\/\/wonderfulmoroccotravel.com\/wp-content\/uploads\/2026\/01\/Morocco-Wonderful-Tours-Vans-and-Mini-Vans-transportation-service.png\" class=\"attachment-large size-large wp-image-1213\" alt=\"Servi\u00e7o de transporte em carrinhas e minivans da Morocco Wonderful Tours\" srcset=\"https:\/\/wonderfulmoroccotravel.com\/wp-content\/uploads\/2026\/01\/Morocco-Wonderful-Tours-Vans-and-Mini-Vans-transportation-service.png 1000w, https:\/\/wonderfulmoroccotravel.com\/wp-content\/uploads\/2026\/01\/Morocco-Wonderful-Tours-Vans-and-Mini-Vans-transportation-service-300x240.png 300w, https:\/\/wonderfulmoroccotravel.com\/wp-content\/uploads\/2026\/01\/Morocco-Wonderful-Tours-Vans-and-Mini-Vans-transportation-service-768x614.png 768w\" sizes=\"(max-width: 1000px) 100vw, 1000px\" \/>\t\t\t\t\t\t\t\t\t\t\t\t\t\t\t<\/div>\n\t\t\t\t<div class=\"elementor-element elementor-element-4c4da69 elementor-widget elementor-widget-text-editor\" data-id=\"4c4da69\" data-element_type=\"widget\" data-e-type=\"widget\" data-widget_type=\"text-editor.default\">\n\t\t\t\t\t\t\t\t\t<p>As nossas carrinhas e minivans s\u00e3o ideais para viagens confort\u00e1veis por Marrocos, especialmente para fam\u00edlias, pequenos grupos e viagens mais longas. S\u00e3o espa\u00e7osas, climatizadas e bem conservadas para garantir uma viagem relaxante durante todo o trajeto. Com motoristas locais profissionais e rotas flex\u00edveis, o nosso transporte em carrinha torna as transfer\u00eancias entre cidades, passeios de um dia e excurs\u00f5es de v\u00e1rios dias f\u00e1ceis e agrad\u00e1veis.<\/p>\n\t\t\t\t\t\t\t\t<\/div>\n\t\t\t\t<\/div>\n\t\t\t\t\t<\/div>\n\t\t\t\t<\/div>\n\t\t<div class=\"elementor-element elementor-element-6fef777 e-flex e-con-boxed e-con e-parent\" data-id=\"6fef777\" data-element_type=\"container\" data-e-type=\"container\">\n\t\t\t\t\t<div class=\"e-con-inner\">\n\t\t<div class=\"elementor-element elementor-element-ffe239a e-con-full e-flex e-con e-child\" data-id=\"ffe239a\" data-element_type=\"container\" data-e-type=\"container\">\n\t\t\t\t<div class=\"elementor-element elementor-element-7d64c24 elementor-widget elementor-widget-heading\" data-id=\"7d64c24\" data-element_type=\"widget\" data-e-type=\"widget\" data-widget_type=\"heading.default\">\n\t\t\t\t\t<h2 class=\"elementor-heading-title elementor-size-default\">Entre em contacto connosco<\/h2>\t\t\t\t<\/div>\n\t\t\t\t<div class=\"elementor-element elementor-element-b1a5514 elementor-widget elementor-widget-text-editor\" data-id=\"b1a5514\" data-element_type=\"widget\" data-e-type=\"widget\" data-widget_type=\"text-editor.default\">\n\t\t\t\t\t\t\t\t\t<p>Entre em contacto connosco hoje mesmo para come\u00e7ar a planear a sua viagem a Marrocos. Entre em contacto por telefone, Whatsapp ou e-mail. Ambos os n\u00fameros incluem Whatsapp. Teremos todo o prazer em ajud\u00e1-lo a planear a viagem perfeita.<\/p>\n\t\t\t\t\t\t\t\t<\/div>\n\t\t\t\t<div class=\"elementor-element elementor-element-24aa211 elementor-icon-list--layout-traditional elementor-list-item-link-full_width elementor-widget elementor-widget-icon-list\" data-id=\"24aa211\" data-element_type=\"widget\" data-e-type=\"widget\" data-widget_type=\"icon-list.default\">\n\t\t\t\t\t\t\t<ul class=\"elementor-icon-list-items\">\n\t\t\t\t\t\t\t<li class=\"elementor-icon-list-item\">\n\t\t\t\t\t\t\t\t\t\t\t<span class=\"elementor-icon-list-icon\">\n\t\t\t\t\t\t\t<svg aria-hidden=\"true\" class=\"e-font-icon-svg e-fas-phone-alt\" viewBox=\"0 0 512 512\" xmlns=\"http:\/\/www.w3.org\/2000\/svg\"><path d=\"M497.39 361.8l-112-48a24 24 0 0 0-28 6.9l-49.6 60.6A370.66 370.66 0 0 1 130.6 204.11l60.6-49.6a23.94 23.94 0 0 0 6.9-28l-48-112A24.16 24.16 0 0 0 122.6.61l-104 24A24 24 0 0 0 0 48c0 256.5 207.9 464 464 464a24 24 0 0 0 23.4-18.6l24-104a24.29 24.29 0 0 0-14.01-27.6z\"><\/path><\/svg>\t\t\t\t\t\t<\/span>\n\t\t\t\t\t\t\t\t\t\t<span class=\"elementor-icon-list-text\">+212650723699<\/span>\n\t\t\t\t\t\t\t\t\t<\/li>\n\t\t\t\t\t\t\t\t<li class=\"elementor-icon-list-item\">\n\t\t\t\t\t\t\t\t\t\t\t<span class=\"elementor-icon-list-icon\">\n\t\t\t\t\t\t\t<svg aria-hidden=\"true\" class=\"e-font-icon-svg e-fab-whatsapp\" viewBox=\"0 0 448 512\" xmlns=\"http:\/\/www.w3.org\/2000\/svg\"><path d=\"M380.9 97.1C339 55.1 283.2 32 223.9 32c-122.4 0-222 99.6-222 222 0 39.1 10.2 77.3 29.6 111L0 480l117.7-30.9c32.4 17.7 68.9 27 106.1 27h.1c122.3 0 224.1-99.6 224.1-222 0-59.3-25.2-115-67.1-157zm-157 341.6c-33.2 0-65.7-8.9-94-25.7l-6.7-4-69.8 18.3L72 359.2l-4.4-7c-18.5-29.4-28.2-63.3-28.2-98.2 0-101.7 82.8-184.5 184.6-184.5 49.3 0 95.6 19.2 130.4 54.1 34.8 34.9 56.2 81.2 56.1 130.5 0 101.8-84.9 184.6-186.6 184.6zm101.2-138.2c-5.5-2.8-32.8-16.2-37.9-18-5.1-1.9-8.8-2.8-12.5 2.8-3.7 5.6-14.3 18-17.6 21.8-3.2 3.7-6.5 4.2-12 1.4-32.6-16.3-54-29.1-75.5-66-5.7-9.8 5.7-9.1 16.3-30.3 1.8-3.7.9-6.9-.5-9.7-1.4-2.8-12.5-30.1-17.1-41.2-4.5-10.8-9.1-9.3-12.5-9.5-3.2-.2-6.9-.2-10.6-.2-3.7 0-9.7 1.4-14.8 6.9-5.1 5.6-19.4 19-19.4 46.3 0 27.3 19.9 53.7 22.6 57.4 2.8 3.7 39.1 59.7 94.8 83.8 35.2 15.2 49 16.5 66.6 13.9 10.7-1.6 32.8-13.4 37.4-26.4 4.6-13 4.6-24.1 3.2-26.4-1.3-2.5-5-3.9-10.5-6.6z\"><\/path><\/svg>\t\t\t\t\t\t<\/span>\n\t\t\t\t\t\t\t\t\t\t<span class=\"elementor-icon-list-text\">+212636367067<\/span>\n\t\t\t\t\t\t\t\t\t<\/li>\n\t\t\t\t\t\t\t\t<li class=\"elementor-icon-list-item\">\n\t\t\t\t\t\t\t\t\t\t\t<span class=\"elementor-icon-list-icon\">\n\t\t\t\t\t\t\t<svg aria-hidden=\"true\" class=\"e-font-icon-svg e-fas-envelope\" viewBox=\"0 0 512 512\" xmlns=\"http:\/\/www.w3.org\/2000\/svg\"><path d=\"M502.3 190.8c3.9-3.1 9.7-.2 9.7 4.7V400c0 26.5-21.5 48-48 48H48c-26.5 0-48-21.5-48-48V195.6c0-5 5.7-7.8 9.7-4.7 22.4 17.4 52.1 39.5 154.1 113.6 21.1 15.4 56.7 47.8 92.2 47.6 35.7.3 72-32.8 92.3-47.6 102-74.1 131.6-96.3 154-113.7zM256 320c23.2.4 56.6-29.2 73.4-41.4 132.7-96.3 142.8-104.7 173.4-128.7 5.8-4.5 9.2-11.5 9.2-18.9v-19c0-26.5-21.5-48-48-48H48C21.5 64 0 85.5 0 112v19c0 7.4 3.4 14.3 9.2 18.9 30.6 23.9 40.7 32.4 173.4 128.7 16.8 12.2 50.2 41.8 73.4 41.4z\"><\/path><\/svg>\t\t\t\t\t\t<\/span>\n\t\t\t\t\t\t\t\t\t\t<span class=\"elementor-icon-list-text\">contact@wonderfulmoroccotravel.com<\/span>\n\t\t\t\t\t\t\t\t\t<\/li>\n\t\t\t\t\t\t<\/ul>\n\t\t\t\t\t\t<\/div>\n\t\t\t\t<\/div>\n\t\t<div class=\"elementor-element elementor-element-975b440 e-con-full e-flex e-con e-child\" data-id=\"975b440\" data-element_type=\"container\" data-e-type=\"container\">\n\t\t\t\t<div class=\"elementor-element elementor-element-b19dc86 elementor-widget elementor-widget-google_maps\" data-id=\"b19dc86\" data-element_type=\"widget\" data-e-type=\"widget\" data-widget_type=\"google_maps.default\">\n\t\t\t\t\t\t\t<div class=\"elementor-custom-embed\">\n\t\t\t<iframe loading=\"lazy\"\n\t\t\t\t\tsrc=\"https:\/\/maps.google.com\/maps?q=Marrakech%2C%20Morocco&#038;t=m&#038;z=10&#038;output=embed&#038;iwloc=near\"\n\t\t\t\t\ttitle=\"Marrakech, Morocco\"\n\t\t\t\t\taria-label=\"Marrakech, Morocco\"\n\t\t\t><\/iframe>\n\t\t<\/div>\n\t\t\t\t\t\t<\/div>\n\t\t\t\t<\/div>\n\t\t\t\t\t<\/div>\n\t\t\t\t<\/div>\n\t\t\t\t<\/div>\n\t\t","protected":false},"excerpt":{"rendered":"<p>Ag\u00eancia de viagens Marrocos Ag\u00eancia de viagens Wonderful Morocco A Wonderful Morocco Travel Agency \u00e9 a melhor ag\u00eancia de viagens familiar de pequena dimens\u00e3o, liderada pelos irm\u00e3os locais Ayoub e Mohssin. Baseada na hospitalidade genu\u00edna e no profundo conhecimento local, a ag\u00eancia concentra-se em criar experi\u00eancias aut\u00eanticas em Marrocos, em vez de turismo de massa. [&hellip;]<\/p>\n","protected":false},"author":1,"featured_media":0,"parent":0,"menu_order":0,"comment_status":"closed","ping_status":"closed","template":"elementor_header_footer","meta":{"footnotes":""},"class_list":["post-1214","page","type-page","status-publish","hentry"],"blocksy_meta":[],"_links":{"self":[{"href":"https:\/\/wonderfulmoroccotravel.com\/pt-pt\/wp-json\/wp\/v2\/pages\/1214","targetHints":{"allow":["GET"]}}],"collection":[{"href":"https:\/\/wonderfulmoroccotravel.com\/pt-pt\/wp-json\/wp\/v2\/pages"}],"about":[{"href":"https:\/\/wonderfulmoroccotravel.com\/pt-pt\/wp-json\/wp\/v2\/types\/page"}],"author":[{"embeddable":true,"href":"https:\/\/wonderfulmoroccotravel.com\/pt-pt\/wp-json\/wp\/v2\/users\/1"}],"replies":[{"embeddable":true,"href":"https:\/\/wonderfulmoroccotravel.com\/pt-pt\/wp-json\/wp\/v2\/comments?post=1214"}],"version-history":[{"count":1,"href":"https:\/\/wonderfulmoroccotravel.com\/pt-pt\/wp-json\/wp\/v2\/pages\/1214\/revisions"}],"predecessor-version":[{"id":1215,"href":"https:\/\/wonderfulmoroccotravel.com\/pt-pt\/wp-json\/wp\/v2\/pages\/1214\/revisions\/1215"}],"wp:attachment":[{"href":"https:\/\/wonderfulmoroccotravel.com\/pt-pt\/wp-json\/wp\/v2\/media?parent=1214"}],"curies":[{"name":"wp","href":"https:\/\/api.w.org\/{rel}","templated":true}]}}